{"id":1092,"date":"2023-12-20T09:30:28","date_gmt":"2023-12-20T09:30:28","guid":{"rendered":"https:\/\/ax-io.de\/wp\/?post_type=product&#038;p=1092"},"modified":"2023-12-20T09:30:28","modified_gmt":"2023-12-20T09:30:28","slug":"samplexx-bleaching-powder-premium-9-white-1000g-weiss","status":"publish","type":"product","link":"https:\/\/ax-io.de\/wp\/produkt\/samplexx-bleaching-powder-premium-9-white-1000g-weiss\/","title":{"rendered":"Samplexx Bleaching Powder Premium 9 White 1000g Wei\u00df"},"content":{"rendered":"<p>Dank Samplexx Bleaching Powder Premium 9 White ist es nun m\u00f6glich, bis zu 9 besondere Haart\u00f6ne \u00a0zu erzielen.<\/p>\n<p>Die Wirkung des Opener Powders wird durch eine kraftvolle Persulfatmischung erreicht, die es erm\u00f6glicht, sich mit einem Peroxid niedrigen Volumens zu vermischen.<\/p>\n<p>Die Verwendung von Peroxid mit hohem Volumen kann Nebenwirkungen wie Gelbf\u00e4rbung der Haare verursachen.<\/p>\n<p>Mit Samplexx Deco Care 9 Tonnen geh\u00f6ren solche Probleme der Vergangenheit an, da hohe Volumina nicht mehr erforderlich sind!<\/p>\n<p>Samplexx Deco Care 9 Tonnen enth\u00e4lt auch Polyaminozuckerkondensat, einen speziellen Inhaltsstoff, der als \u00e4u\u00dferst wirksames Pflege- und Schutzmittel f\u00fcr das Haar bekannt ist.<\/p>\n<p>PSC ist nat\u00fcrlich und stammt von Aminos\u00e4uren und Polysacchariden (Fruktan, Fructose, Saccharose), was es reich an Proteinen macht.<\/p>\n<p>Es dient als ausgezeichneter N\u00e4hrstoff f\u00fcr Ihr Haar.<\/p>\n<p>Sanft und umweltfreundlich hilft Polyamino Zuckerkondensat, unerw\u00fcnschte Auswirkungen eines kraftvollen \u00d6ffnerpulvers zu verhindern, ohne dabei die \u00d6ffnungswirkung zu beeintr\u00e4chtigen.<\/p>\n<p>Mischverh\u00e4ltnis: 1 Teil Entf\u00e4rbungspulver (30 g) + 2 Teile 20 Volumenoxidans (60 g)<\/p>\n<p><strong>Was ist Bleaching Powder?<\/strong><\/p>\n<p>Bleaching powder ist eine chemische Substanz, die zur Aufhellung oder Entf\u00e4rbung von Haaren verwendet wird. Es handelt sich oft um ein Pulver, das Peroxid und andere Chemikalien enth\u00e4lt, um die nat\u00fcrliche Haarfarbe zu entfernen und Platz f\u00fcr eine neue Farbe zu schaffen.<\/p>\n<p>Die genaue Zusammensetzung kann je nach Produkt variieren, aber in der Regel enth\u00e4lt es Persulfate, Peroxide und andere Aktivatoren. Es wird h\u00e4ufig in Friseursalons f\u00fcr Haarf\u00e4rbeprozesse eingesetzt. Es ist wichtig, beim Umgang mit bleaching powder vorsichtig zu sein, da es potenziell sch\u00e4dlich f\u00fcr Haare und Haut sein kann. Es ist ratsam, die Anweisungen des Produkts genau zu befolgen und gegebenenfalls professionelle Hilfe in Anspruch zu nehmen, um unerw\u00fcnschte Ergebnisse oder Sch\u00e4den zu vermeiden.<\/p>\n","protected":false},"excerpt":{"rendered":"<p>Dank Samplexx Bleaching Powder Premium 9 White ist es nun m\u00f6glich, bis zu 9 besondere Haart\u00f6ne \u00a0zu erzielen. Die Wirkung des Opener Powders wird durch eine kraftvolle Persulfatmischung erreicht, die es erm\u00f6glicht, sich mit einem Peroxid niedrigen Volumens zu vermischen. Die Verwendung von Peroxid mit hohem Volumen kann Nebenwirkungen wie Gelbf\u00e4rbung der Haare verursachen. Mit<\/p>\n<div class=\"more-link\">\n\t\t\t\t <a href=\"https:\/\/ax-io.de\/wp\/produkt\/samplexx-bleaching-powder-premium-9-white-1000g-weiss\/\" class=\"btn theme-btn inverted\"><span>Mehr erfahren <\/span><\/a>\n\t\t\t<\/div>\n","protected":false},"featured_media":1110,"comment_status":"open","ping_status":"closed","template":"","meta":{"jetpack_post_was_ever_published":false},"product_brand":[],"product_cat":[95,96],"product_tag":[],"class_list":{"0":"post-1092","1":"product","2":"type-product","3":"status-publish","4":"has-post-thumbnail","6":"product_cat-bleaching-powder","7":"product_cat-samplexx","9":"first","10":"instock","11":"sale","12":"taxable","13":"shipping-taxable","14":"purchasable","15":"product-type-simple"},"yoast_head":"<!-- This site is optimized with the Yoast SEO plugin v27.4 - https:\/\/yoast.com\/product\/yoast-seo-wordpress\/ -->\n<title>Samplexx Bleaching Powder Premium 9 White 1000g Wei\u00df - ax-io.de - Dein Shopping.<\/title>\n<meta name=\"robots\" content=\"index, follow, max-snippet:-1, max-image-preview:large, max-video-preview:-1\" \/>\n<link rel=\"canonical\" href=\"https:\/\/ax-io.de\/wp\/produkt\/samplexx-bleaching-powder-premium-9-white-1000g-weiss\/\" \/>\n<meta property=\"og:locale\" content=\"de_DE\" \/>\n<meta property=\"og:type\" content=\"article\" \/>\n<meta property=\"og:title\" content=\"Samplexx Bleaching Powder Premium 9 White 1000g Wei\u00df - ax-io.de - Dein Shopping.\" \/>\n<meta property=\"og:description\" content=\"Dank Samplexx Bleaching Powder Premium 9 White ist es nun m\u00f6glich, bis zu 9 besondere Haart\u00f6ne \u00a0zu erzielen. Die Wirkung des Opener Powders wird durch eine kraftvolle Persulfatmischung erreicht, die es erm\u00f6glicht, sich mit einem Peroxid niedrigen Volumens zu vermischen. Die Verwendung von Peroxid mit hohem Volumen kann Nebenwirkungen wie Gelbf\u00e4rbung der Haare verursachen. Mit    Mehr erfahren\" \/>\n<meta property=\"og:url\" content=\"https:\/\/ax-io.de\/wp\/produkt\/samplexx-bleaching-powder-premium-9-white-1000g-weiss\/\" \/>\n<meta property=\"og:site_name\" content=\"ax-io.de - Dein Shopping.\" \/>\n<meta property=\"og:image\" content=\"https:\/\/ax-io.de\/wp\/wp-content\/uploads\/2023\/12\/Samplexx-Professional-High-Performance-Powder-9-Premium-White-1000g-001.jpeg\" \/>\n\t<meta property=\"og:image:width\" content=\"1920\" \/>\n\t<meta property=\"og:image:height\" content=\"1080\" \/>\n\t<meta property=\"og:image:type\" content=\"image\/jpeg\" \/>\n<meta name=\"twitter:card\" content=\"summary_large_image\" \/>\n<meta name=\"twitter:label1\" content=\"Gesch\u00e4tzte Lesezeit\" \/>\n\t<meta name=\"twitter:data1\" content=\"2\u00a0Minuten\" \/>\n<script type=\"application\/ld+json\" class=\"yoast-schema-graph\">{\"@context\":\"https:\\\/\\\/schema.org\",\"@graph\":[{\"@type\":\"WebPage\",\"@id\":\"https:\\\/\\\/ax-io.de\\\/wp\\\/produkt\\\/samplexx-bleaching-powder-premium-9-white-1000g-weiss\\\/\",\"url\":\"https:\\\/\\\/ax-io.de\\\/wp\\\/produkt\\\/samplexx-bleaching-powder-premium-9-white-1000g-weiss\\\/\",\"name\":\"Samplexx Bleaching Powder Premium 9 White 1000g Wei\u00df - ax-io.de - Dein Shopping.\",\"isPartOf\":{\"@id\":\"https:\\\/\\\/ax-io.de\\\/wp\\\/#website\"},\"primaryImageOfPage\":{\"@id\":\"https:\\\/\\\/ax-io.de\\\/wp\\\/produkt\\\/samplexx-bleaching-powder-premium-9-white-1000g-weiss\\\/#primaryimage\"},\"image\":{\"@id\":\"https:\\\/\\\/ax-io.de\\\/wp\\\/produkt\\\/samplexx-bleaching-powder-premium-9-white-1000g-weiss\\\/#primaryimage\"},\"thumbnailUrl\":\"https:\\\/\\\/ax-io.de\\\/wp\\\/wp-content\\\/uploads\\\/2023\\\/12\\\/Samplexx-Professional-High-Performance-Powder-9-Premium-White-1000g-001.jpeg\",\"datePublished\":\"2023-12-20T09:30:28+00:00\",\"breadcrumb\":{\"@id\":\"https:\\\/\\\/ax-io.de\\\/wp\\\/produkt\\\/samplexx-bleaching-powder-premium-9-white-1000g-weiss\\\/#breadcrumb\"},\"inLanguage\":\"de\",\"potentialAction\":[{\"@type\":\"ReadAction\",\"target\":[\"https:\\\/\\\/ax-io.de\\\/wp\\\/produkt\\\/samplexx-bleaching-powder-premium-9-white-1000g-weiss\\\/\"]}]},{\"@type\":\"ImageObject\",\"inLanguage\":\"de\",\"@id\":\"https:\\\/\\\/ax-io.de\\\/wp\\\/produkt\\\/samplexx-bleaching-powder-premium-9-white-1000g-weiss\\\/#primaryimage\",\"url\":\"https:\\\/\\\/ax-io.de\\\/wp\\\/wp-content\\\/uploads\\\/2023\\\/12\\\/Samplexx-Professional-High-Performance-Powder-9-Premium-White-1000g-001.jpeg\",\"contentUrl\":\"https:\\\/\\\/ax-io.de\\\/wp\\\/wp-content\\\/uploads\\\/2023\\\/12\\\/Samplexx-Professional-High-Performance-Powder-9-Premium-White-1000g-001.jpeg\",\"width\":1920,\"height\":1080,\"caption\":\"Bleaching powder ist eine chemische Substanz, die zur Aufhellung oder Entf\u00e4rbung von Haaren verwendet wird. Es handelt sich oft um ein Pulver, das Peroxid und andere Chemikalien enth\u00e4lt, um die nat\u00fcrliche Haarfarbe zu entfernen und Platz f\u00fcr eine neue Farbe zu schaffen. Die genaue Zusammensetzung kann je nach Produkt variieren, aber in der Regel enth\u00e4lt es Persulfate, Peroxide und andere Aktivatoren. Es wird h\u00e4ufig in Friseursalons f\u00fcr Haarf\u00e4rbeprozesse eingesetzt. Es ist wichtig, beim Umgang mit bleaching powder vorsichtig zu sein, da es potenziell sch\u00e4dlich f\u00fcr Haare und Haut sein kann. Es ist ratsam, die Anweisungen des Produkts genau zu befolgen und gegebenenfalls professionelle Hilfe in Anspruch zu nehmen, um unerw\u00fcnschte Ergebnisse oder Sch\u00e4den zu vermeiden.\"},{\"@type\":\"BreadcrumbList\",\"@id\":\"https:\\\/\\\/ax-io.de\\\/wp\\\/produkt\\\/samplexx-bleaching-powder-premium-9-white-1000g-weiss\\\/#breadcrumb\",\"itemListElement\":[{\"@type\":\"ListItem\",\"position\":1,\"name\":\"Startseite\",\"item\":\"https:\\\/\\\/ax-io.de\\\/wp\\\/\"},{\"@type\":\"ListItem\",\"position\":2,\"name\":\"Shop\",\"item\":\"https:\\\/\\\/ax-io.de\\\/wp\\\/\"},{\"@type\":\"ListItem\",\"position\":3,\"name\":\"Samplexx Bleaching Powder Premium 9 White 1000g Wei\u00df\"}]},{\"@type\":\"WebSite\",\"@id\":\"https:\\\/\\\/ax-io.de\\\/wp\\\/#website\",\"url\":\"https:\\\/\\\/ax-io.de\\\/wp\\\/\",\"name\":\"ax-io.de - Dein Shopping.\",\"description\":\"G\u00fcnstig. Schnell. Erreichbar.\",\"publisher\":{\"@id\":\"https:\\\/\\\/ax-io.de\\\/wp\\\/#organization\"},\"potentialAction\":[{\"@type\":\"SearchAction\",\"target\":{\"@type\":\"EntryPoint\",\"urlTemplate\":\"https:\\\/\\\/ax-io.de\\\/wp\\\/?s={search_term_string}\"},\"query-input\":{\"@type\":\"PropertyValueSpecification\",\"valueRequired\":true,\"valueName\":\"search_term_string\"}}],\"inLanguage\":\"de\"},{\"@type\":\"Organization\",\"@id\":\"https:\\\/\\\/ax-io.de\\\/wp\\\/#organization\",\"name\":\"ax-io.de - Dein Shopping.\",\"url\":\"https:\\\/\\\/ax-io.de\\\/wp\\\/\",\"logo\":{\"@type\":\"ImageObject\",\"inLanguage\":\"de\",\"@id\":\"https:\\\/\\\/ax-io.de\\\/wp\\\/#\\\/schema\\\/logo\\\/image\\\/\",\"url\":\"https:\\\/\\\/ax-io.de\\\/wp\\\/wp-content\\\/uploads\\\/2023\\\/11\\\/ax-io-icon-1.png\",\"contentUrl\":\"https:\\\/\\\/ax-io.de\\\/wp\\\/wp-content\\\/uploads\\\/2023\\\/11\\\/ax-io-icon-1.png\",\"width\":512,\"height\":512,\"caption\":\"ax-io.de - Dein Shopping.\"},\"image\":{\"@id\":\"https:\\\/\\\/ax-io.de\\\/wp\\\/#\\\/schema\\\/logo\\\/image\\\/\"}}]}<\/script>\n<!-- \/ Yoast SEO plugin. -->","yoast_head_json":{"title":"Samplexx Bleaching Powder Premium 9 White 1000g Wei\u00df - ax-io.de - Dein Shopping.","robots":{"index":"index","follow":"follow","max-snippet":"max-snippet:-1","max-image-preview":"max-image-preview:large","max-video-preview":"max-video-preview:-1"},"canonical":"https:\/\/ax-io.de\/wp\/produkt\/samplexx-bleaching-powder-premium-9-white-1000g-weiss\/","og_locale":"de_DE","og_type":"article","og_title":"Samplexx Bleaching Powder Premium 9 White 1000g Wei\u00df - ax-io.de - Dein Shopping.","og_description":"Dank Samplexx Bleaching Powder Premium 9 White ist es nun m\u00f6glich, bis zu 9 besondere Haart\u00f6ne \u00a0zu erzielen. Die Wirkung des Opener Powders wird durch eine kraftvolle Persulfatmischung erreicht, die es erm\u00f6glicht, sich mit einem Peroxid niedrigen Volumens zu vermischen. Die Verwendung von Peroxid mit hohem Volumen kann Nebenwirkungen wie Gelbf\u00e4rbung der Haare verursachen. Mit    Mehr erfahren","og_url":"https:\/\/ax-io.de\/wp\/produkt\/samplexx-bleaching-powder-premium-9-white-1000g-weiss\/","og_site_name":"ax-io.de - Dein Shopping.","og_image":[{"width":1920,"height":1080,"url":"https:\/\/ax-io.de\/wp\/wp-content\/uploads\/2023\/12\/Samplexx-Professional-High-Performance-Powder-9-Premium-White-1000g-001.jpeg","type":"image\/jpeg"}],"twitter_card":"summary_large_image","twitter_misc":{"Gesch\u00e4tzte Lesezeit":"2\u00a0Minuten"},"schema":{"@context":"https:\/\/schema.org","@graph":[{"@type":"WebPage","@id":"https:\/\/ax-io.de\/wp\/produkt\/samplexx-bleaching-powder-premium-9-white-1000g-weiss\/","url":"https:\/\/ax-io.de\/wp\/produkt\/samplexx-bleaching-powder-premium-9-white-1000g-weiss\/","name":"Samplexx Bleaching Powder Premium 9 White 1000g Wei\u00df - ax-io.de - Dein Shopping.","isPartOf":{"@id":"https:\/\/ax-io.de\/wp\/#website"},"primaryImageOfPage":{"@id":"https:\/\/ax-io.de\/wp\/produkt\/samplexx-bleaching-powder-premium-9-white-1000g-weiss\/#primaryimage"},"image":{"@id":"https:\/\/ax-io.de\/wp\/produkt\/samplexx-bleaching-powder-premium-9-white-1000g-weiss\/#primaryimage"},"thumbnailUrl":"https:\/\/ax-io.de\/wp\/wp-content\/uploads\/2023\/12\/Samplexx-Professional-High-Performance-Powder-9-Premium-White-1000g-001.jpeg","datePublished":"2023-12-20T09:30:28+00:00","breadcrumb":{"@id":"https:\/\/ax-io.de\/wp\/produkt\/samplexx-bleaching-powder-premium-9-white-1000g-weiss\/#breadcrumb"},"inLanguage":"de","potentialAction":[{"@type":"ReadAction","target":["https:\/\/ax-io.de\/wp\/produkt\/samplexx-bleaching-powder-premium-9-white-1000g-weiss\/"]}]},{"@type":"ImageObject","inLanguage":"de","@id":"https:\/\/ax-io.de\/wp\/produkt\/samplexx-bleaching-powder-premium-9-white-1000g-weiss\/#primaryimage","url":"https:\/\/ax-io.de\/wp\/wp-content\/uploads\/2023\/12\/Samplexx-Professional-High-Performance-Powder-9-Premium-White-1000g-001.jpeg","contentUrl":"https:\/\/ax-io.de\/wp\/wp-content\/uploads\/2023\/12\/Samplexx-Professional-High-Performance-Powder-9-Premium-White-1000g-001.jpeg","width":1920,"height":1080,"caption":"Bleaching powder ist eine chemische Substanz, die zur Aufhellung oder Entf\u00e4rbung von Haaren verwendet wird. Es handelt sich oft um ein Pulver, das Peroxid und andere Chemikalien enth\u00e4lt, um die nat\u00fcrliche Haarfarbe zu entfernen und Platz f\u00fcr eine neue Farbe zu schaffen. Die genaue Zusammensetzung kann je nach Produkt variieren, aber in der Regel enth\u00e4lt es Persulfate, Peroxide und andere Aktivatoren. Es wird h\u00e4ufig in Friseursalons f\u00fcr Haarf\u00e4rbeprozesse eingesetzt. Es ist wichtig, beim Umgang mit bleaching powder vorsichtig zu sein, da es potenziell sch\u00e4dlich f\u00fcr Haare und Haut sein kann. Es ist ratsam, die Anweisungen des Produkts genau zu befolgen und gegebenenfalls professionelle Hilfe in Anspruch zu nehmen, um unerw\u00fcnschte Ergebnisse oder Sch\u00e4den zu vermeiden."},{"@type":"BreadcrumbList","@id":"https:\/\/ax-io.de\/wp\/produkt\/samplexx-bleaching-powder-premium-9-white-1000g-weiss\/#breadcrumb","itemListElement":[{"@type":"ListItem","position":1,"name":"Startseite","item":"https:\/\/ax-io.de\/wp\/"},{"@type":"ListItem","position":2,"name":"Shop","item":"https:\/\/ax-io.de\/wp\/"},{"@type":"ListItem","position":3,"name":"Samplexx Bleaching Powder Premium 9 White 1000g Wei\u00df"}]},{"@type":"WebSite","@id":"https:\/\/ax-io.de\/wp\/#website","url":"https:\/\/ax-io.de\/wp\/","name":"ax-io.de - Dein Shopping.","description":"G\u00fcnstig. Schnell. Erreichbar.","publisher":{"@id":"https:\/\/ax-io.de\/wp\/#organization"},"potentialAction":[{"@type":"SearchAction","target":{"@type":"EntryPoint","urlTemplate":"https:\/\/ax-io.de\/wp\/?s={search_term_string}"},"query-input":{"@type":"PropertyValueSpecification","valueRequired":true,"valueName":"search_term_string"}}],"inLanguage":"de"},{"@type":"Organization","@id":"https:\/\/ax-io.de\/wp\/#organization","name":"ax-io.de - Dein Shopping.","url":"https:\/\/ax-io.de\/wp\/","logo":{"@type":"ImageObject","inLanguage":"de","@id":"https:\/\/ax-io.de\/wp\/#\/schema\/logo\/image\/","url":"https:\/\/ax-io.de\/wp\/wp-content\/uploads\/2023\/11\/ax-io-icon-1.png","contentUrl":"https:\/\/ax-io.de\/wp\/wp-content\/uploads\/2023\/11\/ax-io-icon-1.png","width":512,"height":512,"caption":"ax-io.de - Dein Shopping."},"image":{"@id":"https:\/\/ax-io.de\/wp\/#\/schema\/logo\/image\/"}}]}},"jetpack_sharing_enabled":true,"_links":{"self":[{"href":"https:\/\/ax-io.de\/wp\/wp-json\/wp\/v2\/product\/1092","targetHints":{"allow":["GET"]}}],"collection":[{"href":"https:\/\/ax-io.de\/wp\/wp-json\/wp\/v2\/product"}],"about":[{"href":"https:\/\/ax-io.de\/wp\/wp-json\/wp\/v2\/types\/product"}],"replies":[{"embeddable":true,"href":"https:\/\/ax-io.de\/wp\/wp-json\/wp\/v2\/comments?post=1092"}],"wp:featuredmedia":[{"embeddable":true,"href":"https:\/\/ax-io.de\/wp\/wp-json\/wp\/v2\/media\/1110"}],"wp:attachment":[{"href":"https:\/\/ax-io.de\/wp\/wp-json\/wp\/v2\/media?parent=1092"}],"wp:term":[{"taxonomy":"product_brand","embeddable":true,"href":"https:\/\/ax-io.de\/wp\/wp-json\/wp\/v2\/product_brand?post=1092"},{"taxonomy":"product_cat","embeddable":true,"href":"https:\/\/ax-io.de\/wp\/wp-json\/wp\/v2\/product_cat?post=1092"},{"taxonomy":"product_tag","embeddable":true,"href":"https:\/\/ax-io.de\/wp\/wp-json\/wp\/v2\/product_tag?post=1092"}],"curies":[{"name":"wp","href":"https:\/\/api.w.org\/{rel}","templated":true}]}}